{"id":27,"date":"2023-07-22T15:39:11","date_gmt":"2023-07-22T13:39:11","guid":{"rendered":"https:\/\/magenta2i.com\/?page_id=27"},"modified":"2023-09-26T18:34:44","modified_gmt":"2023-09-26T16:34:44","slug":"mentions-legales","status":"publish","type":"page","link":"https:\/\/magenta2i.com\/en\/mentions-legales\/","title":{"rendered":"Legal Disclaimers"},"content":{"rendered":"<style>.kb-row-layout-id27_90dd02-23 > .kt-row-column-wrap{align-content:start;}:where(.kb-row-layout-id27_90dd02-23 > .kt-row-column-wrap) > .wp-block-kadence-column{justify-content:start;}.kb-row-layout-id27_90dd02-23 > .kt-row-column-wrap{column-gap:var(--global-kb-gap-md, 2rem);row-gap:var(--global-kb-gap-md, 2rem);max-width:1961px;margin-left:auto;margin-right:auto;padding-top:var(--global-kb-spacing-sm, 1.5rem);padding-bottom:var(--global-kb-spacing-sm, 1.5rem);grid-template-columns:minmax(0, 1fr);}.kb-row-layout-id27_90dd02-23 > .kt-row-layout-overlay{opacity:0.48;background-image:url('https:\/\/magenta2i.com\/wp-content\/uploads\/2023\/07\/DJI_0159-5-1-scaled.jpg');background-size:100% 80%;background-position:53% 100%;background-attachment:scroll;background-repeat:no-repeat;mix-blend-mode:normal;}@media all and (max-width: 1024px){.kb-row-layout-id27_90dd02-23 > .kt-row-column-wrap{grid-template-columns:minmax(0, 1fr);}}@media all and (max-width: 1024px){.kb-row-layout-id27_90dd02-23 > .kt-row-layout-overlay{opacity:0.45;background-image:url('https:\/\/magenta2i.com\/wp-content\/uploads\/2023\/08\/DJI_0159-5-1.jpg');background-size:100% 115%;background-position:49% 53%;background-attachment:scroll;background-repeat:no-repeat;}}@media all and (max-width: 767px){.kb-row-layout-id27_90dd02-23 > .kt-row-column-wrap{grid-template-columns:minmax(0, 1fr);}.kb-row-layout-id27_90dd02-23 > .kt-row-layout-overlay{opacity:0.40;background-image:url('https:\/\/magenta2i.com\/wp-content\/uploads\/2023\/08\/DJI_0159-5-3.jpg');background-size:100% 100%;background-position:52% 83%;background-attachment:scroll;background-repeat:no-repeat;}}<\/style><div class=\"kb-row-layout-wrap kb-row-layout-id27_90dd02-23 alignnone kt-row-has-bg wp-block-kadence-rowlayout\"><div class=\"kt-row-layout-overlay kt-row-overlay-normal\"><\/div><div class=\"kt-row-column-wrap kt-has-1-columns kt-row-layout-equal kt-tab-layout-inherit kt-mobile-layout-row kt-row-valign-top\">\n<style>.kadence-column27_f6f7e7-05 > .kt-inside-inner-col,.kadence-column27_f6f7e7-05 > .kt-inside-inner-col:before{border-top-left-radius:0px;border-top-right-radius:0px;border-bottom-right-radius:0px;border-bottom-left-radius:0px;}.kadence-column27_f6f7e7-05 > .kt-inside-inner-col{column-gap:var(--global-kb-gap-sm, 1rem);}.kadence-column27_f6f7e7-05 > .kt-inside-inner-col{flex-direction:column;}.kadence-column27_f6f7e7-05 > .kt-inside-inner-col > .aligncenter{width:100%;}.kadence-column27_f6f7e7-05 > .kt-inside-inner-col:before{opacity:0.3;}.kadence-column27_f6f7e7-05{position:relative;}.kadence-column27_f6f7e7-05, .kt-inside-inner-col > .kadence-column27_f6f7e7-05:not(.specificity){margin-right:var(--global-kb-spacing-xs, 1rem);margin-left:var(--global-kb-spacing-xs, 1rem);}@media all and (max-width: 1024px){.kadence-column27_f6f7e7-05 > .kt-inside-inner-col{flex-direction:column;justify-content:center;}}@media all and (max-width: 767px){.kadence-column27_f6f7e7-05 > .kt-inside-inner-col{flex-direction:column;justify-content:center;}}<\/style>\n<div class=\"wp-block-kadence-column kadence-column27_f6f7e7-05\"><div class=\"kt-inside-inner-col\"><style>.wp-block-kadence-advancedheading.kt-adv-heading27_5728bc-60, .wp-block-kadence-advancedheading.kt-adv-heading27_5728bc-60[data-kb-block=\"kb-adv-heading27_5728bc-60\"]{font-size:24px;font-weight:400;font-style:normal;font-family:Oswald;color:#0416c0;text-shadow:-2px 2px 3px var(--global-palette2, #2B6CB0);}.wp-block-kadence-advancedheading.kt-adv-heading27_5728bc-60 mark.kt-highlight, .wp-block-kadence-advancedheading.kt-adv-heading27_5728bc-60[data-kb-block=\"kb-adv-heading27_5728bc-60\"] mark.kt-highlight{font-style:normal;color:#f76a0c;-webkit-box-decoration-break:clone;box-decoration-break:clone;padding-top:0px;padding-right:0px;padding-bottom:0px;padding-left:0px;}.wp-block-kadence-advancedheading.kt-adv-heading27_5728bc-60 img.kb-inline-image, .wp-block-kadence-advancedheading.kt-adv-heading27_5728bc-60[data-kb-block=\"kb-adv-heading27_5728bc-60\"] img.kb-inline-image{width:150px;vertical-align:baseline;}@media all and (max-width: 1024px){.wp-block-kadence-advancedheading.kt-adv-heading27_5728bc-60, .wp-block-kadence-advancedheading.kt-adv-heading27_5728bc-60[data-kb-block=\"kb-adv-heading27_5728bc-60\"]{text-shadow:-2px 2px 3px var(--global-palette2, #2B6CB0);}}@media all and (max-width: 767px){.wp-block-kadence-advancedheading.kt-adv-heading27_5728bc-60, .wp-block-kadence-advancedheading.kt-adv-heading27_5728bc-60[data-kb-block=\"kb-adv-heading27_5728bc-60\"]{text-shadow:-2px 2px 3px var(--global-palette2, #2B6CB0);}}<\/style>\n<h1 class=\"kt-adv-heading27_5728bc-60 wp-block-kadence-advancedheading\" data-kb-block=\"kb-adv-heading27_5728bc-60\"><strong>Magenta Immobilier Investissements &#8211; Mentions l\u00e9gales <\/strong><\/h1>\n\n\n<style>.wp-block-kadence-advancedheading.kt-adv-heading27_89b53d-63, .wp-block-kadence-advancedheading.kt-adv-heading27_89b53d-63[data-kb-block=\"kb-adv-heading27_89b53d-63\"]{font-size:18px;font-weight:400;font-style:normal;font-family:Oswald;text-shadow:2px 2px 1px var(--global-palette9, #ffffff);}.wp-block-kadence-advancedheading.kt-adv-heading27_89b53d-63 mark.kt-highlight, .wp-block-kadence-advancedheading.kt-adv-heading27_89b53d-63[data-kb-block=\"kb-adv-heading27_89b53d-63\"] mark.kt-highlight{font-style:normal;color:#f76a0c;-webkit-box-decoration-break:clone;box-decoration-break:clone;padding-top:0px;padding-right:0px;padding-bottom:0px;padding-left:0px;}.wp-block-kadence-advancedheading.kt-adv-heading27_89b53d-63 img.kb-inline-image, .wp-block-kadence-advancedheading.kt-adv-heading27_89b53d-63[data-kb-block=\"kb-adv-heading27_89b53d-63\"] img.kb-inline-image{width:150px;vertical-align:baseline;}@media all and (max-width: 1024px){.wp-block-kadence-advancedheading.kt-adv-heading27_89b53d-63, .wp-block-kadence-advancedheading.kt-adv-heading27_89b53d-63[data-kb-block=\"kb-adv-heading27_89b53d-63\"]{text-shadow:2px 2px 1px var(--global-palette9, #ffffff);}}@media all and (max-width: 767px){.wp-block-kadence-advancedheading.kt-adv-heading27_89b53d-63, .wp-block-kadence-advancedheading.kt-adv-heading27_89b53d-63[data-kb-block=\"kb-adv-heading27_89b53d-63\"]{text-shadow:2px 2px 1px var(--global-palette9, #ffffff);}}<\/style>\n<p class=\"kt-adv-heading27_89b53d-63 wp-block-kadence-advancedheading\" data-kb-block=\"kb-adv-heading27_89b53d-63\">Le pr\u00e9sent site Internet <strong><a href=\"https:\/\/magenta2i.com\">www.magenta2i.com<\/a><\/strong> est \u00e9dit\u00e9 et exploit\u00e9 par la soci\u00e9t\u00e9 <strong>MAGENTA IMMOBILIER INVESTISSEMENTS <\/strong>&#8211; SAS au capital de 50 000 euros &#8211; Si\u00e8ge Social : 8, Avenue Ren\u00e9 Boylesve \u2013 75016 PARIS &#8211; 952 863 462 RCS Paris &#8211; ID TVA : FR10952863462 &#8211; T\u00e9l\u00e9phone : 09 53 99 54 86 &#8211; E-mail : <a href=\"mailto:admin@magenta2i.com\" target=\"_blank\" rel=\"noreferrer noopener\">admin@magenta2i.com<\/a>.<\/p>\n\n\n<style>.wp-block-kadence-advancedheading.kt-adv-heading27_5bb457-65, .wp-block-kadence-advancedheading.kt-adv-heading27_5bb457-65[data-kb-block=\"kb-adv-heading27_5bb457-65\"]{font-size:18px;font-weight:400;font-style:normal;font-family:Oswald;text-shadow:2px 2px 1px var(--global-palette9, #ffffff);}.wp-block-kadence-advancedheading.kt-adv-heading27_5bb457-65 mark.kt-highlight, .wp-block-kadence-advancedheading.kt-adv-heading27_5bb457-65[data-kb-block=\"kb-adv-heading27_5bb457-65\"] mark.kt-highlight{font-style:normal;color:#f76a0c;-webkit-box-decoration-break:clone;box-decoration-break:clone;padding-top:0px;padding-right:0px;padding-bottom:0px;padding-left:0px;}.wp-block-kadence-advancedheading.kt-adv-heading27_5bb457-65 img.kb-inline-image, .wp-block-kadence-advancedheading.kt-adv-heading27_5bb457-65[data-kb-block=\"kb-adv-heading27_5bb457-65\"] img.kb-inline-image{width:150px;vertical-align:baseline;}@media all and (max-width: 1024px){.wp-block-kadence-advancedheading.kt-adv-heading27_5bb457-65, .wp-block-kadence-advancedheading.kt-adv-heading27_5bb457-65[data-kb-block=\"kb-adv-heading27_5bb457-65\"]{text-shadow:2px 2px 1px var(--global-palette9, #ffffff);}}@media all and (max-width: 767px){.wp-block-kadence-advancedheading.kt-adv-heading27_5bb457-65, .wp-block-kadence-advancedheading.kt-adv-heading27_5bb457-65[data-kb-block=\"kb-adv-heading27_5bb457-65\"]{text-shadow:2px 2px 1px var(--global-palette9, #ffffff);}}<\/style>\n<h2 class=\"kt-adv-heading27_5bb457-65 wp-block-kadence-advancedheading\" data-kb-block=\"kb-adv-heading27_5bb457-65\"><strong>REPRESENTANT LEGAL<\/strong><\/h2>\n\n\n<style>.wp-block-kadence-advancedheading.kt-adv-heading27_6fde8f-44, .wp-block-kadence-advancedheading.kt-adv-heading27_6fde8f-44[data-kb-block=\"kb-adv-heading27_6fde8f-44\"]{font-size:18px;font-weight:400;font-style:normal;font-family:Oswald;text-shadow:2px 2px 1px var(--global-palette9, #ffffff);}.wp-block-kadence-advancedheading.kt-adv-heading27_6fde8f-44 mark.kt-highlight, .wp-block-kadence-advancedheading.kt-adv-heading27_6fde8f-44[data-kb-block=\"kb-adv-heading27_6fde8f-44\"] mark.kt-highlight{font-style:normal;color:#f76a0c;-webkit-box-decoration-break:clone;box-decoration-break:clone;padding-top:0px;padding-right:0px;padding-bottom:0px;padding-left:0px;}.wp-block-kadence-advancedheading.kt-adv-heading27_6fde8f-44 img.kb-inline-image, .wp-block-kadence-advancedheading.kt-adv-heading27_6fde8f-44[data-kb-block=\"kb-adv-heading27_6fde8f-44\"] img.kb-inline-image{width:150px;vertical-align:baseline;}@media all and (max-width: 1024px){.wp-block-kadence-advancedheading.kt-adv-heading27_6fde8f-44, .wp-block-kadence-advancedheading.kt-adv-heading27_6fde8f-44[data-kb-block=\"kb-adv-heading27_6fde8f-44\"]{text-shadow:2px 2px 1px var(--global-palette9, #ffffff);}}@media all and (max-width: 767px){.wp-block-kadence-advancedheading.kt-adv-heading27_6fde8f-44, .wp-block-kadence-advancedheading.kt-adv-heading27_6fde8f-44[data-kb-block=\"kb-adv-heading27_6fde8f-44\"]{text-shadow:2px 2px 1px var(--global-palette9, #ffffff);}}<\/style>\n<p class=\"kt-adv-heading27_6fde8f-44 wp-block-kadence-advancedheading\" data-kb-block=\"kb-adv-heading27_6fde8f-44\">Cosmin MILAS<\/p>\n\n\n<style>.wp-block-kadence-advancedheading.kt-adv-heading27_40892c-4e, .wp-block-kadence-advancedheading.kt-adv-heading27_40892c-4e[data-kb-block=\"kb-adv-heading27_40892c-4e\"]{font-size:18px;font-weight:400;font-style:normal;font-family:Oswald;text-shadow:2px 2px 1px var(--global-palette9, #ffffff);}.wp-block-kadence-advancedheading.kt-adv-heading27_40892c-4e mark.kt-highlight, .wp-block-kadence-advancedheading.kt-adv-heading27_40892c-4e[data-kb-block=\"kb-adv-heading27_40892c-4e\"] mark.kt-highlight{font-style:normal;color:#f76a0c;-webkit-box-decoration-break:clone;box-decoration-break:clone;padding-top:0px;padding-right:0px;padding-bottom:0px;padding-left:0px;}.wp-block-kadence-advancedheading.kt-adv-heading27_40892c-4e img.kb-inline-image, .wp-block-kadence-advancedheading.kt-adv-heading27_40892c-4e[data-kb-block=\"kb-adv-heading27_40892c-4e\"] img.kb-inline-image{width:150px;vertical-align:baseline;}@media all and (max-width: 1024px){.wp-block-kadence-advancedheading.kt-adv-heading27_40892c-4e, .wp-block-kadence-advancedheading.kt-adv-heading27_40892c-4e[data-kb-block=\"kb-adv-heading27_40892c-4e\"]{text-shadow:2px 2px 1px var(--global-palette9, #ffffff);}}@media all and (max-width: 767px){.wp-block-kadence-advancedheading.kt-adv-heading27_40892c-4e, .wp-block-kadence-advancedheading.kt-adv-heading27_40892c-4e[data-kb-block=\"kb-adv-heading27_40892c-4e\"]{text-shadow:2px 2px 1px var(--global-palette9, #ffffff);}}<\/style>\n<h2 class=\"kt-adv-heading27_40892c-4e wp-block-kadence-advancedheading\" data-kb-block=\"kb-adv-heading27_40892c-4e\"><strong>HEBERGEMENT<\/strong><\/h2>\n\n\n<style>.wp-block-kadence-advancedheading.kt-adv-heading27_aea501-bd, .wp-block-kadence-advancedheading.kt-adv-heading27_aea501-bd[data-kb-block=\"kb-adv-heading27_aea501-bd\"]{font-size:18px;font-weight:400;font-style:normal;font-family:Oswald;text-shadow:2px 2px 1px var(--global-palette9, #ffffff);}.wp-block-kadence-advancedheading.kt-adv-heading27_aea501-bd mark.kt-highlight, .wp-block-kadence-advancedheading.kt-adv-heading27_aea501-bd[data-kb-block=\"kb-adv-heading27_aea501-bd\"] mark.kt-highlight{font-style:normal;color:#f76a0c;-webkit-box-decoration-break:clone;box-decoration-break:clone;padding-top:0px;padding-right:0px;padding-bottom:0px;padding-left:0px;}.wp-block-kadence-advancedheading.kt-adv-heading27_aea501-bd img.kb-inline-image, .wp-block-kadence-advancedheading.kt-adv-heading27_aea501-bd[data-kb-block=\"kb-adv-heading27_aea501-bd\"] img.kb-inline-image{width:150px;vertical-align:baseline;}@media all and (max-width: 1024px){.wp-block-kadence-advancedheading.kt-adv-heading27_aea501-bd, .wp-block-kadence-advancedheading.kt-adv-heading27_aea501-bd[data-kb-block=\"kb-adv-heading27_aea501-bd\"]{text-shadow:2px 2px 1px var(--global-palette9, #ffffff);}}@media all and (max-width: 767px){.wp-block-kadence-advancedheading.kt-adv-heading27_aea501-bd, .wp-block-kadence-advancedheading.kt-adv-heading27_aea501-bd[data-kb-block=\"kb-adv-heading27_aea501-bd\"]{text-shadow:2px 2px 1px var(--global-palette9, #ffffff);}}<\/style>\n<h2 class=\"kt-adv-heading27_aea501-bd wp-block-kadence-advancedheading\" data-kb-block=\"kb-adv-heading27_aea501-bd\">Prestataire d&rsquo;h\u00e9bergement : Hostinger International Ltd. 61 Lordou Vironos Street Larnaca 6023 (Cyprus).<\/h2>\n\n\n<style>.wp-block-kadence-advancedheading.kt-adv-heading27_d8ad81-91, .wp-block-kadence-advancedheading.kt-adv-heading27_d8ad81-91[data-kb-block=\"kb-adv-heading27_d8ad81-91\"]{padding-top:var(--global-kb-spacing-xs, 1rem);font-size:18px;font-weight:400;font-style:normal;font-family:Oswald;text-shadow:1px 1px 0px var(--global-palette9, #ffffff);}.wp-block-kadence-advancedheading.kt-adv-heading27_d8ad81-91 mark.kt-highlight, .wp-block-kadence-advancedheading.kt-adv-heading27_d8ad81-91[data-kb-block=\"kb-adv-heading27_d8ad81-91\"] mark.kt-highlight{font-style:normal;color:#f76a0c;-webkit-box-decoration-break:clone;box-decoration-break:clone;padding-top:0px;padding-right:0px;padding-bottom:0px;padding-left:0px;}.wp-block-kadence-advancedheading.kt-adv-heading27_d8ad81-91 img.kb-inline-image, .wp-block-kadence-advancedheading.kt-adv-heading27_d8ad81-91[data-kb-block=\"kb-adv-heading27_d8ad81-91\"] img.kb-inline-image{width:150px;vertical-align:baseline;}@media all and (max-width: 1024px){.wp-block-kadence-advancedheading.kt-adv-heading27_d8ad81-91, .wp-block-kadence-advancedheading.kt-adv-heading27_d8ad81-91[data-kb-block=\"kb-adv-heading27_d8ad81-91\"]{text-shadow:1px 1px 0px var(--global-palette9, #ffffff);}}@media all and (max-width: 767px){.wp-block-kadence-advancedheading.kt-adv-heading27_d8ad81-91, .wp-block-kadence-advancedheading.kt-adv-heading27_d8ad81-91[data-kb-block=\"kb-adv-heading27_d8ad81-91\"]{text-shadow:1px 1px 0px var(--global-palette9, #ffffff);}}<\/style>\n<h2 class=\"kt-adv-heading27_d8ad81-91 wp-block-kadence-advancedheading\" data-kb-block=\"kb-adv-heading27_d8ad81-91\">Le site ainsi que tous les \u00e9l\u00e9ments qui le composent, tant sa structure g\u00e9n\u00e9rale que son contenu (textes, slogans, graphiques, images, vid\u00e9os, photos et autres contenus), appartiennent \u00e0 Magenta Immobilier Investissements et ne peuvent \u00eatre reproduits, utilis\u00e9s ou repr\u00e9sent\u00e9s sans l&rsquo;autorisation expresse de cette derni\u00e8re sous peine de poursuites judiciaires.<\/h2>\n\n\n<style>.wp-block-kadence-advancedheading.kt-adv-heading27_059589-b5, .wp-block-kadence-advancedheading.kt-adv-heading27_059589-b5[data-kb-block=\"kb-adv-heading27_059589-b5\"]{font-size:18px;font-weight:400;font-style:normal;font-family:Oswald;text-shadow:2px 2px 1px var(--global-palette9, #ffffff);}.wp-block-kadence-advancedheading.kt-adv-heading27_059589-b5 mark.kt-highlight, .wp-block-kadence-advancedheading.kt-adv-heading27_059589-b5[data-kb-block=\"kb-adv-heading27_059589-b5\"] mark.kt-highlight{font-style:normal;color:#f76a0c;-webkit-box-decoration-break:clone;box-decoration-break:clone;padding-top:0px;padding-right:0px;padding-bottom:0px;padding-left:0px;}.wp-block-kadence-advancedheading.kt-adv-heading27_059589-b5 img.kb-inline-image, .wp-block-kadence-advancedheading.kt-adv-heading27_059589-b5[data-kb-block=\"kb-adv-heading27_059589-b5\"] img.kb-inline-image{width:150px;vertical-align:baseline;}@media all and (max-width: 1024px){.wp-block-kadence-advancedheading.kt-adv-heading27_059589-b5, .wp-block-kadence-advancedheading.kt-adv-heading27_059589-b5[data-kb-block=\"kb-adv-heading27_059589-b5\"]{text-shadow:2px 2px 1px var(--global-palette9, #ffffff);}}@media all and (max-width: 767px){.wp-block-kadence-advancedheading.kt-adv-heading27_059589-b5, .wp-block-kadence-advancedheading.kt-adv-heading27_059589-b5[data-kb-block=\"kb-adv-heading27_059589-b5\"]{text-shadow:2px 2px 1px var(--global-palette9, #ffffff);}}<\/style>\n<p class=\"kt-adv-heading27_059589-b5 wp-block-kadence-advancedheading\" data-kb-block=\"kb-adv-heading27_059589-b5\">Le site <a href=\"https:\/\/magenta2i.com\">www.magenta2i.com<\/a> est un site d&rsquo;information. Les personnes qui acc\u00e8dent aux informations mises \u00e0 disposition par MAGENTA IMMOBILIER INVESTISSEMENTS sur le site <a href=\"https:\/\/magenta2i.com\">www.magenta2i.com<\/a> acceptent l&rsquo;ensemble des r\u00e8gles d\u00e9crites dans la section <a href=\"https:\/\/magenta2i.com\/conditions-generales-dutilisation\/\" target=\"_blank\" rel=\"noreferrer noopener\">Conditions G\u00e9n\u00e9rales d\u2019Utilisation<\/a>.<\/p>\n\n\n<style>.wp-block-kadence-advancedheading.kt-adv-heading27_edff60-82, .wp-block-kadence-advancedheading.kt-adv-heading27_edff60-82[data-kb-block=\"kb-adv-heading27_edff60-82\"]{font-size:16px;font-weight:400;font-style:normal;font-family:Oswald;text-shadow:1px 1px 1px var(--global-palette9, #ffffff);}.wp-block-kadence-advancedheading.kt-adv-heading27_edff60-82 mark.kt-highlight, .wp-block-kadence-advancedheading.kt-adv-heading27_edff60-82[data-kb-block=\"kb-adv-heading27_edff60-82\"] mark.kt-highlight{font-style:normal;color:#f76a0c;-webkit-box-decoration-break:clone;box-decoration-break:clone;padding-top:0px;padding-right:0px;padding-bottom:0px;padding-left:0px;}.wp-block-kadence-advancedheading.kt-adv-heading27_edff60-82 img.kb-inline-image, .wp-block-kadence-advancedheading.kt-adv-heading27_edff60-82[data-kb-block=\"kb-adv-heading27_edff60-82\"] img.kb-inline-image{width:150px;vertical-align:baseline;}@media all and (max-width: 1024px){.wp-block-kadence-advancedheading.kt-adv-heading27_edff60-82, .wp-block-kadence-advancedheading.kt-adv-heading27_edff60-82[data-kb-block=\"kb-adv-heading27_edff60-82\"]{text-shadow:1px 1px 1px var(--global-palette9, #ffffff);}}@media all and (max-width: 767px){.wp-block-kadence-advancedheading.kt-adv-heading27_edff60-82, .wp-block-kadence-advancedheading.kt-adv-heading27_edff60-82[data-kb-block=\"kb-adv-heading27_edff60-82\"]{text-shadow:1px 1px 1px var(--global-palette9, #ffffff);}}<\/style>\n<h2 class=\"kt-adv-heading27_edff60-82 wp-block-kadence-advancedheading has-theme-palette-3-color has-text-color\" data-kb-block=\"kb-adv-heading27_edff60-82\">Derni\u00e8re mise \u00e0 jour:<\/h2>\n\n\n<style>.wp-block-kadence-advancedheading.kt-adv-heading27_4e9a8d-1f, .wp-block-kadence-advancedheading.kt-adv-heading27_4e9a8d-1f[data-kb-block=\"kb-adv-heading27_4e9a8d-1f\"]{font-size:16px;font-weight:400;font-style:normal;font-family:Oswald;text-shadow:1px 1px 1px #0259fa;}.wp-block-kadence-advancedheading.kt-adv-heading27_4e9a8d-1f mark.kt-highlight, .wp-block-kadence-advancedheading.kt-adv-heading27_4e9a8d-1f[data-kb-block=\"kb-adv-heading27_4e9a8d-1f\"] mark.kt-highlight{font-style:normal;color:#f76a0c;-webkit-box-decoration-break:clone;box-decoration-break:clone;padding-top:0px;padding-right:0px;padding-bottom:0px;padding-left:0px;}.wp-block-kadence-advancedheading.kt-adv-heading27_4e9a8d-1f img.kb-inline-image, .wp-block-kadence-advancedheading.kt-adv-heading27_4e9a8d-1f[data-kb-block=\"kb-adv-heading27_4e9a8d-1f\"] img.kb-inline-image{width:150px;vertical-align:baseline;}@media all and (max-width: 1024px){.wp-block-kadence-advancedheading.kt-adv-heading27_4e9a8d-1f, .wp-block-kadence-advancedheading.kt-adv-heading27_4e9a8d-1f[data-kb-block=\"kb-adv-heading27_4e9a8d-1f\"]{text-shadow:1px 1px 1px #0259fa;}}@media all and (max-width: 767px){.wp-block-kadence-advancedheading.kt-adv-heading27_4e9a8d-1f, .wp-block-kadence-advancedheading.kt-adv-heading27_4e9a8d-1f[data-kb-block=\"kb-adv-heading27_4e9a8d-1f\"]{text-shadow:1px 1px 1px #0259fa;}}<\/style>\n<p class=\"kt-adv-heading27_4e9a8d-1f wp-block-kadence-advancedheading\" data-kb-block=\"kb-adv-heading27_4e9a8d-1f\"><em>le 10 septembre 2023<\/em><\/p>\n<\/div><\/div>\n\n<\/div><\/div>","protected":false},"excerpt":{"rendered":"<p>Magenta Immobilier Investissements &#8211; Mentions l\u00e9gales Le pr\u00e9sent site Internet www.magenta2i.com est \u00e9dit\u00e9 et exploit\u00e9 par la soci\u00e9t\u00e9 MAGENTA IMMOBILIER INVESTISSEMENTS &#8211; SAS au capital de 50 000 euros &#8211; Si\u00e8ge Social : 8, Avenue Ren\u00e9 Boylesve \u2013 75016 PARIS &#8211; 952 863 462 RCS Paris &#8211; ID TVA : FR10952863462 &#8211; T\u00e9l\u00e9phone : 09&#8230;<\/p>","protected":false},"author":1,"featured_media":0,"parent":0,"menu_order":0,"comment_status":"closed","ping_status":"closed","template":"","meta":{"_kadence_starter_templates_imported_post":false,"_kad_post_transparent":"","_kad_post_title":"","_kad_post_layout":"","_kad_post_sidebar_id":"","_kad_post_content_style":"","_kad_post_vertical_padding":"","_kad_post_feature":"","_kad_post_feature_position":"","_kad_post_header":false,"_kad_post_footer":false,"footnotes":""},"class_list":["post-27","page","type-page","status-publish","hentry"],"_links":{"self":[{"href":"https:\/\/magenta2i.com\/en\/wp-json\/wp\/v2\/pages\/27","targetHints":{"allow":["GET"]}}],"collection":[{"href":"https:\/\/magenta2i.com\/en\/wp-json\/wp\/v2\/pages"}],"about":[{"href":"https:\/\/magenta2i.com\/en\/wp-json\/wp\/v2\/types\/page"}],"author":[{"embeddable":true,"href":"https:\/\/magenta2i.com\/en\/wp-json\/wp\/v2\/users\/1"}],"replies":[{"embeddable":true,"href":"https:\/\/magenta2i.com\/en\/wp-json\/wp\/v2\/comments?post=27"}],"version-history":[{"count":38,"href":"https:\/\/magenta2i.com\/en\/wp-json\/wp\/v2\/pages\/27\/revisions"}],"predecessor-version":[{"id":1949,"href":"https:\/\/magenta2i.com\/en\/wp-json\/wp\/v2\/pages\/27\/revisions\/1949"}],"wp:attachment":[{"href":"https:\/\/magenta2i.com\/en\/wp-json\/wp\/v2\/media?parent=27"}],"curies":[{"name":"wp","href":"https:\/\/api.w.org\/{rel}","templated":true}]}}